{"id":6861,"date":"2026-03-24T14:03:51","date_gmt":"2026-03-24T14:03:51","guid":{"rendered":"https:\/\/soexpress.africatrade.com\/?page_id=6861"},"modified":"2026-03-31T10:01:24","modified_gmt":"2026-03-31T10:01:24","slug":"clients","status":"publish","type":"page","link":"https:\/\/soexpress.africatrade.com\/fr\/clients\/","title":{"rendered":"Clients"},"content":{"rendered":"<div data-elementor-type=\"wp-page\" data-elementor-id=\"6861\" class=\"elementor elementor-6861\">\n\t\t\t\t<div class=\"elementor-element elementor-element-b2340ff e-flex e-con-boxed e-con e-parent\" data-id=\"b2340ff\" data-element_type=\"container\" data-e-type=\"container\">\n\t\t\t\t\t<div class=\"e-con-inner\">\n\t\t<div class=\"elementor-element elementor-element-a044e8e e-con-full e-flex e-con e-child\" data-id=\"a044e8e\" data-element_type=\"container\" data-e-type=\"container\">\n\t\t<div class=\"elementor-element elementor-element-406636d e-con-full e-flex e-con e-child\" data-id=\"406636d\" data-element_type=\"container\" data-e-type=\"container\">\n\t\t\t\t<div class=\"elementor-element elementor-element-90f9d81 elementor-widget__width-inherit animated-fast elementor-invisible elementor-widget elementor-widget-heading\" data-id=\"90f9d81\" data-element_type=\"widget\" data-e-type=\"widget\" data-settings=\"{&quot;_animation&quot;:&quot;opal-move-up&quot;}\" data-widget_type=\"heading.default\">\n\t\t\t\t\t<h1 class=\"elementor-heading-title elementor-size-default\">Nos clients<span class=\"color-primary\">.<\/span><\/h1>\t\t\t\t<\/div>\n\t\t\t\t<\/div>\n\t\t<div class=\"elementor-element elementor-element-d03116f e-con-full e-flex e-con e-child\" data-id=\"d03116f\" data-element_type=\"container\" data-e-type=\"container\">\n\t\t\t\t<div class=\"elementor-element elementor-element-d8fb6a0 elementor-widget__width-initial elementor-widget-mobile__width-inherit animated-fast elementor-widget-tablet_extra__width-initial elementor-invisible elementor-widget elementor-widget-text-editor\" data-id=\"d8fb6a0\" data-element_type=\"widget\" data-e-type=\"widget\" data-settings=\"{&quot;_animation&quot;:&quot;opal-move-up&quot;}\" data-widget_type=\"text-editor.default\">\n\t\t\t\t\t\t\t\t\t<p class=\"ds-markdown-paragraph\">End\u2011to\u2011end logistics: safe, timely, single\u2011source, with professionalism, passion, and excellence.<\/p>\t\t\t\t\t\t\t\t<\/div>\n\t\t\t\t<\/div>\n\t\t\t\t<\/div>\n\t\t\t\t\t<\/div>\n\t\t\t\t<\/div>\n\t\t<div class=\"elementor-element elementor-element-f4e21d1 e-grid e-con-boxed e-con e-parent\" data-id=\"f4e21d1\" data-element_type=\"container\" data-e-type=\"container\">\n\t\t\t\t\t<div class=\"e-con-inner\">\n\t\t\t\t<div class=\"elementor-element elementor-element-a2777d9 elementor-widget elementor-widget-image\" data-id=\"a2777d9\" data-element_type=\"widget\" data-e-type=\"widget\" data-widget_type=\"image.default\">\n\t\t\t\t\t\t\t\t\t\t\t\t\t\t\t<img decoding=\"async\" width=\"226\" height=\"112\" src=\"https:\/\/soexpress.africatrade.com\/wp-content\/uploads\/2026\/03\/so-express_05.png\" class=\"attachment-full size-full wp-image-6885\" alt=\"\" \/>\t\t\t\t\t\t\t\t\t\t\t\t\t\t\t<\/div>\n\t\t\t\t<div class=\"elementor-element elementor-element-06be6d8 elementor-widget elementor-widget-image\" data-id=\"06be6d8\" data-element_type=\"widget\" data-e-type=\"widget\" data-widget_type=\"image.default\">\n\t\t\t\t\t\t\t\t\t\t\t\t\t\t\t<img decoding=\"async\" width=\"222\" height=\"112\" src=\"https:\/\/soexpress.africatrade.com\/wp-content\/uploads\/2026\/03\/so-express_03.png\" class=\"attachment-full size-full wp-image-6886\" alt=\"\" \/>\t\t\t\t\t\t\t\t\t\t\t\t\t\t\t<\/div>\n\t\t\t\t<div class=\"elementor-element elementor-element-e329826 elementor-widget elementor-widget-image\" data-id=\"e329826\" data-element_type=\"widget\" data-e-type=\"widget\" data-widget_type=\"image.default\">\n\t\t\t\t\t\t\t\t\t\t\t\t\t\t\t<img decoding=\"async\" width=\"241\" height=\"107\" src=\"https:\/\/soexpress.africatrade.com\/wp-content\/uploads\/2026\/03\/so-express_08.png\" class=\"attachment-full size-full wp-image-6884\" alt=\"\" \/>\t\t\t\t\t\t\t\t\t\t\t\t\t\t\t<\/div>\n\t\t\t\t<div class=\"elementor-element elementor-element-69d6a60 elementor-widget elementor-widget-image\" data-id=\"69d6a60\" data-element_type=\"widget\" data-e-type=\"widget\" data-widget_type=\"image.default\">\n\t\t\t\t\t\t\t\t\t\t\t\t\t\t\t<img loading=\"lazy\" decoding=\"async\" width=\"221\" height=\"105\" src=\"https:\/\/soexpress.africatrade.com\/wp-content\/uploads\/2026\/03\/so-express_14.png\" class=\"attachment-full size-full wp-image-6883\" alt=\"\" \/>\t\t\t\t\t\t\t\t\t\t\t\t\t\t\t<\/div>\n\t\t\t\t<div class=\"elementor-element elementor-element-3d21151 elementor-widget elementor-widget-image\" data-id=\"3d21151\" data-element_type=\"widget\" data-e-type=\"widget\" data-widget_type=\"image.default\">\n\t\t\t\t\t\t\t\t\t\t\t\t\t\t\t<img loading=\"lazy\" decoding=\"async\" width=\"200\" height=\"105\" src=\"https:\/\/soexpress.africatrade.com\/wp-content\/uploads\/2026\/03\/so-express_16.png\" class=\"attachment-full size-full wp-image-6882\" alt=\"\" \/>\t\t\t\t\t\t\t\t\t\t\t\t\t\t\t<\/div>\n\t\t\t\t<div class=\"elementor-element elementor-element-acaa6c3 elementor-widget elementor-widget-image\" data-id=\"acaa6c3\" data-element_type=\"widget\" data-e-type=\"widget\" data-widget_type=\"image.default\">\n\t\t\t\t\t\t\t\t\t\t\t\t\t\t\t<img loading=\"lazy\" decoding=\"async\" width=\"238\" height=\"101\" src=\"https:\/\/soexpress.africatrade.com\/wp-content\/uploads\/2026\/03\/so-express_18.png\" class=\"attachment-full size-full wp-image-6881\" alt=\"\" \/>\t\t\t\t\t\t\t\t\t\t\t\t\t\t\t<\/div>\n\t\t\t\t<div class=\"elementor-element elementor-element-4d7e370 elementor-widget elementor-widget-image\" data-id=\"4d7e370\" data-element_type=\"widget\" data-e-type=\"widget\" data-widget_type=\"image.default\">\n\t\t\t\t\t\t\t\t\t\t\t\t\t\t\t<img loading=\"lazy\" decoding=\"async\" width=\"214\" height=\"104\" src=\"https:\/\/soexpress.africatrade.com\/wp-content\/uploads\/2026\/03\/so-express_47.png\" class=\"attachment-full size-full wp-image-6873\" alt=\"\" \/>\t\t\t\t\t\t\t\t\t\t\t\t\t\t\t<\/div>\n\t\t\t\t<div class=\"elementor-element elementor-element-9ffc840 elementor-widget elementor-widget-image\" data-id=\"9ffc840\" data-element_type=\"widget\" data-e-type=\"widget\" data-widget_type=\"image.default\">\n\t\t\t\t\t\t\t\t\t\t\t\t\t\t\t<img loading=\"lazy\" decoding=\"async\" width=\"227\" height=\"109\" src=\"https:\/\/soexpress.africatrade.com\/wp-content\/uploads\/2026\/03\/so-express_50.png\" class=\"attachment-full size-full wp-image-6872\" alt=\"\" \/>\t\t\t\t\t\t\t\t\t\t\t\t\t\t\t<\/div>\n\t\t\t\t<div class=\"elementor-element elementor-element-bf8c56d elementor-widget elementor-widget-image\" data-id=\"bf8c56d\" data-element_type=\"widget\" data-e-type=\"widget\" data-widget_type=\"image.default\">\n\t\t\t\t\t\t\t\t\t\t\t\t\t\t\t<img loading=\"lazy\" decoding=\"async\" width=\"227\" height=\"109\" src=\"https:\/\/soexpress.africatrade.com\/wp-content\/uploads\/2026\/03\/so-express_50.png\" class=\"attachment-full size-full wp-image-6872\" alt=\"\" \/>\t\t\t\t\t\t\t\t\t\t\t\t\t\t\t<\/div>\n\t\t\t\t<div class=\"elementor-element elementor-element-87e0b9c elementor-widget elementor-widget-image\" data-id=\"87e0b9c\" data-element_type=\"widget\" data-e-type=\"widget\" data-widget_type=\"image.default\">\n\t\t\t\t\t\t\t\t\t\t\t\t\t\t\t<img loading=\"lazy\" decoding=\"async\" width=\"238\" height=\"101\" src=\"https:\/\/soexpress.africatrade.com\/wp-content\/uploads\/2026\/03\/so-express_18.png\" class=\"attachment-full size-full wp-image-6881\" alt=\"\" \/>\t\t\t\t\t\t\t\t\t\t\t\t\t\t\t<\/div>\n\t\t\t\t<div class=\"elementor-element elementor-element-3c5f618 elementor-widget elementor-widget-image\" data-id=\"3c5f618\" data-element_type=\"widget\" data-e-type=\"widget\" data-widget_type=\"image.default\">\n\t\t\t\t\t\t\t\t\t\t\t\t\t\t\t<img loading=\"lazy\" decoding=\"async\" width=\"200\" height=\"108\" src=\"https:\/\/soexpress.africatrade.com\/wp-content\/uploads\/2026\/03\/so-express_33.png\" class=\"attachment-full size-full wp-image-6877\" alt=\"\" \/>\t\t\t\t\t\t\t\t\t\t\t\t\t\t\t<\/div>\n\t\t\t\t<div class=\"elementor-element elementor-element-0d603ee elementor-widget elementor-widget-image\" data-id=\"0d603ee\" data-element_type=\"widget\" data-e-type=\"widget\" data-widget_type=\"image.default\">\n\t\t\t\t\t\t\t\t\t\t\t\t\t\t\t<img loading=\"lazy\" decoding=\"async\" width=\"175\" height=\"108\" src=\"https:\/\/soexpress.africatrade.com\/wp-content\/uploads\/2026\/03\/so-express_35.png\" class=\"attachment-full size-full wp-image-6876\" alt=\"\" \/>\t\t\t\t\t\t\t\t\t\t\t\t\t\t\t<\/div>\n\t\t\t\t<div class=\"elementor-element elementor-element-7fa3c69 elementor-widget elementor-widget-image\" data-id=\"7fa3c69\" data-element_type=\"widget\" data-e-type=\"widget\" data-widget_type=\"image.default\">\n\t\t\t\t\t\t\t\t\t\t\t\t\t\t\t<img loading=\"lazy\" decoding=\"async\" width=\"226\" height=\"109\" src=\"https:\/\/soexpress.africatrade.com\/wp-content\/uploads\/2026\/03\/so-express_38.png\" class=\"attachment-full size-full wp-image-6875\" alt=\"\" \/>\t\t\t\t\t\t\t\t\t\t\t\t\t\t\t<\/div>\n\t\t\t\t<div class=\"elementor-element elementor-element-258d202 elementor-widget elementor-widget-image\" data-id=\"258d202\" data-element_type=\"widget\" data-e-type=\"widget\" data-widget_type=\"image.default\">\n\t\t\t\t\t\t\t\t\t\t\t\t\t\t\t<img loading=\"lazy\" decoding=\"async\" width=\"211\" height=\"102\" src=\"https:\/\/soexpress.africatrade.com\/wp-content\/uploads\/2026\/03\/so-express_26.png\" class=\"attachment-full size-full wp-image-6879\" alt=\"\" \/>\t\t\t\t\t\t\t\t\t\t\t\t\t\t\t<\/div>\n\t\t\t\t<div class=\"elementor-element elementor-element-101db53 elementor-widget elementor-widget-image\" data-id=\"101db53\" data-element_type=\"widget\" data-e-type=\"widget\" data-widget_type=\"image.default\">\n\t\t\t\t\t\t\t\t\t\t\t\t\t\t\t<img loading=\"lazy\" decoding=\"async\" width=\"251\" height=\"113\" src=\"https:\/\/soexpress.africatrade.com\/wp-content\/uploads\/2026\/03\/so-express_24.png\" class=\"attachment-full size-full wp-image-6880\" alt=\"\" \/>\t\t\t\t\t\t\t\t\t\t\t\t\t\t\t<\/div>\n\t\t\t\t\t<\/div>\n\t\t\t\t<\/div>\n\t\t<div class=\"elementor-element elementor-element-5380ac7 e-flex e-con-boxed e-con e-parent\" data-id=\"5380ac7\" data-element_type=\"container\" data-e-type=\"container\">\n\t\t\t\t\t<div class=\"e-con-inner\">\n\t\t\t\t<div class=\"elementor-element elementor-element-f81f8a2 elementor-widget__width-initial animated-fast elementor-invisible elementor-widget elementor-widget-heading\" data-id=\"f81f8a2\" data-element_type=\"widget\" data-e-type=\"widget\" data-settings=\"{&quot;_animation&quot;:&quot;opal-move-up&quot;}\" data-widget_type=\"heading.default\">\n\t\t\t\t\t<h1 class=\"elementor-heading-title elementor-size-default\">D\u00e9m\u00e9nagement de votre entreprise <br>Au-del\u00e0 des fronti\u00e8res<\/h1>\t\t\t\t<\/div>\n\t\t\t\t<div class=\"elementor-element elementor-element-8191c44 button-style-yes elementor-align-center animated-fast elementor-mobile-align-left elementor-button-default icon-align-right elementor-invisible elementor-widget elementor-widget-button\" data-id=\"8191c44\" data-element_type=\"widget\" data-e-type=\"widget\" data-settings=\"{&quot;_animation&quot;:&quot;opal-move-up&quot;}\" data-widget_type=\"button.default\">\n\t\t\t\t\t\t\t\t\t\t<a class=\"elementor-button elementor-button-link elementor-size-sm\" href=\"https:\/\/soexpress.africatrade.com\/fr\/quote\/\">\n\t\t\t\t\t\t<span class=\"elementor-button-content-wrapper\">\n\t\t\t\t\t\t<span class=\"elementor-button-icon\">\n\t\t\t\t<i aria-hidden=\"true\" class=\"untex-icon- untex-icon-arrow-right\"><\/i>\t\t\t<\/span>\n\t\t\t\t\t\t\t\t\t<span class=\"elementor-button-text\">Obtenir un devis <\/span>\n\t\t\t\t\t<\/span>\n\t\t\t\t\t<\/a>\n\t\t\t\t\t\t\t\t<\/div>\n\t\t\t\t\t<\/div>\n\t\t\t\t<\/div>\n\t\t\t\t<\/div>","protected":false},"excerpt":{"rendered":"<p>Our Clients. End\u2011to\u2011end logistics: safe, timely, single\u2011source, with professionalism, passion, and excellence. Moving your Business Beyond Borders Get a Quote<\/p>","protected":false},"author":1,"featured_media":0,"parent":0,"menu_order":0,"comment_status":"closed","ping_status":"closed","template":"","meta":{"inline_featured_image":false,"footnotes":""},"class_list":["post-6861","page","type-page","status-publish","hentry"],"_hostinger_reach_plugin_has_subscription_block":false,"_hostinger_reach_plugin_is_elementor":false,"_links":{"self":[{"href":"https:\/\/soexpress.africatrade.com\/fr\/wp-json\/wp\/v2\/pages\/6861","targetHints":{"allow":["GET"]}}],"collection":[{"href":"https:\/\/soexpress.africatrade.com\/fr\/wp-json\/wp\/v2\/pages"}],"about":[{"href":"https:\/\/soexpress.africatrade.com\/fr\/wp-json\/wp\/v2\/types\/page"}],"author":[{"embeddable":true,"href":"https:\/\/soexpress.africatrade.com\/fr\/wp-json\/wp\/v2\/users\/1"}],"replies":[{"embeddable":true,"href":"https:\/\/soexpress.africatrade.com\/fr\/wp-json\/wp\/v2\/comments?post=6861"}],"version-history":[{"count":58,"href":"https:\/\/soexpress.africatrade.com\/fr\/wp-json\/wp\/v2\/pages\/6861\/revisions"}],"predecessor-version":[{"id":7853,"href":"https:\/\/soexpress.africatrade.com\/fr\/wp-json\/wp\/v2\/pages\/6861\/revisions\/7853"}],"wp:attachment":[{"href":"https:\/\/soexpress.africatrade.com\/fr\/wp-json\/wp\/v2\/media?parent=6861"}],"curies":[{"name":"wp","href":"https:\/\/api.w.org\/{rel}","templated":true}]}}