{"id":1486,"date":"2025-09-23T07:57:19","date_gmt":"2025-09-23T07:57:19","guid":{"rendered":"https:\/\/demo2wpopal.b-cdn.net\/untex\/?page_id=1486"},"modified":"2026-03-31T12:43:49","modified_gmt":"2026-03-31T12:43:49","slug":"services","status":"publish","type":"page","link":"https:\/\/soexpress.africatrade.com\/fr\/services\/","title":{"rendered":"Services"},"content":{"rendered":"<div data-elementor-type=\"wp-page\" data-elementor-id=\"1486\" class=\"elementor elementor-1486\">\n\t\t\t\t<div class=\"elementor-element elementor-element-a0ca0ad e-flex e-con-boxed e-con e-parent\" data-id=\"a0ca0ad\" data-element_type=\"container\" data-e-type=\"container\">\n\t\t\t\t\t<div class=\"e-con-inner\">\n\t\t<div class=\"elementor-element elementor-element-8e289a2 e-con-full animated-fast e-flex elementor-invisible e-con e-child\" data-id=\"8e289a2\" data-element_type=\"container\" data-e-type=\"container\" data-settings=\"{&quot;animation&quot;:&quot;opal-move-left&quot;}\">\n\t\t\t\t<div class=\"elementor-element elementor-element-a1d1e21 elementor-widget__width-initial elementor-widget elementor-widget-page-title\" data-id=\"a1d1e21\" data-element_type=\"widget\" data-e-type=\"widget\" data-widget_type=\"page-title.default\">\n\t\t\t\t<div class=\"elementor-widget-container\">\n\t\t\t\t\t\t\t\n\t\t<div class=\"hfe-page-title hfe-page-title-wrapper elementor-widget-heading\">\n\n\t\t\t\t\t\t\t\t\t\t\t<a href=\"https:\/\/soexpress.africatrade.com\/fr\">\n\t\t\t\t\t\t<h2 class=\"elementor-heading-title elementor-size-default\">\n\t\t\t\t\t\t\t\t\n\t\t\t\tServices  \n\t\t\t<\/h2> \n\t\t\t\t\t\t\t\t\t<\/a>\n\t\t\t\t\t<\/div>\n\t\t\t\t\t\t<\/div>\n\t\t\t\t<\/div>\n\t\t\t\t<\/div>\n\t\t<div class=\"elementor-element elementor-element-55c459c e-con-full e-flex e-con e-child\" data-id=\"55c459c\" data-element_type=\"container\" data-e-type=\"container\">\n\t\t\t\t<div class=\"elementor-element elementor-element-e7490e7 elementor-widget__width-initial animated-fast elementor-invisible elementor-widget elementor-widget-heading\" data-id=\"e7490e7\" data-element_type=\"widget\" data-e-type=\"widget\" data-settings=\"{&quot;_animation&quot;:&quot;opal-move-up&quot;}\" data-widget_type=\"heading.default\">\n\t\t\t\t\t<h3 class=\"elementor-heading-title elementor-size-default\">Reliable End-to-end Logistics Services;  On time, Every Time, Everywhere\n<\/h3>\t\t\t\t<\/div>\n\t\t\t\t<\/div>\n\t\t\t\t\t<\/div>\n\t\t\t\t<\/div>\n\t\t<div class=\"elementor-element elementor-element-f822566 e-flex e-con-boxed e-con e-parent\" data-id=\"f822566\" data-element_type=\"container\" data-e-type=\"container\" data-settings=\"{&quot;animation&quot;:&quot;none&quot;}\">\n\t\t\t\t\t<div class=\"e-con-inner\">\n\t\t\t\t<div class=\"elementor-element elementor-element-6e6c2e3 animated-fast elementor-service-style-2 elementor-invisible elementor-widget elementor-widget-untex-services\" data-id=\"6e6c2e3\" data-element_type=\"widget\" data-e-type=\"widget\" data-settings=\"{&quot;_animation&quot;:&quot;opal-move-up&quot;}\" data-widget_type=\"untex-services.default\">\n\t\t\t\t<div class=\"elementor-widget-container\">\n\t\t\t\t\t        <div class=\"elementor-service-wrapper\">\n            <div class=\"d-grid\">\n                                    <div class=\"grid-item service-item service-style-2\">\n                        <div class=\"service-inner\">\n    <div class=\"service-post-thumbnail path-wrap-yes\">\n                    <img fetchpriority=\"high\" decoding=\"async\" width=\"1000\" height=\"700\" src=\"https:\/\/soexpress.africatrade.com\/wp-content\/uploads\/2026\/03\/So-Express-Trucks-1.1-1.png\" class=\"attachment-full size-full wp-post-image\" alt=\"\" srcset=\"https:\/\/soexpress.africatrade.com\/wp-content\/uploads\/2026\/03\/So-Express-Trucks-1.1-1.png 1000w, https:\/\/soexpress.africatrade.com\/wp-content\/uploads\/2026\/03\/So-Express-Trucks-1.1-1-300x210.png 300w, https:\/\/soexpress.africatrade.com\/wp-content\/uploads\/2026\/03\/So-Express-Trucks-1.1-1-768x538.png 768w, https:\/\/soexpress.africatrade.com\/wp-content\/uploads\/2026\/03\/So-Express-Trucks-1.1-1-800x560.png 800w\" sizes=\"(max-width: 1000px) 100vw, 1000px\" \/>            <\/div><!-- .post-thumbnail -->\n    <div class=\"service-content\">\n        <div class=\"service-head\">\n            <h4 class=\"gamma service-title\"><a href=\"https:\/\/soexpress.africatrade.com\/fr\/service\/road-freight\/\">Fret routier<\/a><\/h4>\n            <div class=\"service-button-wrap service-button-number\">\n                <a class=\"service-button\" href=\"https:\/\/soexpress.africatrade.com\/fr\/service\/road-freight\/\">\n                     <span class=\"service-number\">\n                       01                     <\/span>\n                    <span class=\"service-button-icon\">\n                        <i class=\"untex-icon-arrow-right\"><\/i>\n                    <\/span>\n                <\/a>\n            <\/div>\n        <\/div>\n        <div class=\"description\"><p>Nous nous attachons \u00e0 fournir des conceptions de haute qualit\u00e9, une gestion de projet efficace et des solutions de pointe.<\/p>\n<\/div>\n    <\/div>\n<\/div>\n\n                    <\/div>\n                                        <div class=\"grid-item service-item service-style-2\">\n                        <div class=\"service-inner\">\n    <div class=\"service-post-thumbnail path-wrap-yes\">\n                    <img decoding=\"async\" width=\"1000\" height=\"700\" src=\"https:\/\/soexpress.africatrade.com\/wp-content\/uploads\/2026\/03\/So-Express-Cargo.png\" class=\"attachment-full size-full wp-post-image\" alt=\"\" srcset=\"https:\/\/soexpress.africatrade.com\/wp-content\/uploads\/2026\/03\/So-Express-Cargo.png 1000w, https:\/\/soexpress.africatrade.com\/wp-content\/uploads\/2026\/03\/So-Express-Cargo-300x210.png 300w, https:\/\/soexpress.africatrade.com\/wp-content\/uploads\/2026\/03\/So-Express-Cargo-768x538.png 768w, https:\/\/soexpress.africatrade.com\/wp-content\/uploads\/2026\/03\/So-Express-Cargo-800x560.png 800w\" sizes=\"(max-width: 1000px) 100vw, 1000px\" \/>            <\/div><!-- .post-thumbnail -->\n    <div class=\"service-content\">\n        <div class=\"service-head\">\n            <h4 class=\"gamma service-title\"><a href=\"https:\/\/soexpress.africatrade.com\/fr\/service\/air-freight\/\">Fret a\u00e9rien<\/a><\/h4>\n            <div class=\"service-button-wrap service-button-number\">\n                <a class=\"service-button\" href=\"https:\/\/soexpress.africatrade.com\/fr\/service\/air-freight\/\">\n                     <span class=\"service-number\">\n                       02                     <\/span>\n                    <span class=\"service-button-icon\">\n                        <i class=\"untex-icon-arrow-right\"><\/i>\n                    <\/span>\n                <\/a>\n            <\/div>\n        <\/div>\n        <div class=\"description\"><p>Fret a\u00e9rien rapide et urgent avec traitement prioritaire, d\u00e9douanement acc\u00e9l\u00e9r\u00e9 et livraison porte \u00e0 porte<\/p>\n<\/div>\n    <\/div>\n<\/div>\n\n                    <\/div>\n                                        <div class=\"grid-item service-item service-style-2\">\n                        <div class=\"service-inner\">\n    <div class=\"service-post-thumbnail path-wrap-yes\">\n                    <img decoding=\"async\" width=\"900\" height=\"630\" src=\"https:\/\/soexpress.africatrade.com\/wp-content\/uploads\/2026\/03\/So-Express-Sea-Freight.png\" class=\"attachment-full size-full wp-post-image\" alt=\"\" srcset=\"https:\/\/soexpress.africatrade.com\/wp-content\/uploads\/2026\/03\/So-Express-Sea-Freight.png 900w, https:\/\/soexpress.africatrade.com\/wp-content\/uploads\/2026\/03\/So-Express-Sea-Freight-300x210.png 300w, https:\/\/soexpress.africatrade.com\/wp-content\/uploads\/2026\/03\/So-Express-Sea-Freight-768x538.png 768w, https:\/\/soexpress.africatrade.com\/wp-content\/uploads\/2026\/03\/So-Express-Sea-Freight-800x560.png 800w\" sizes=\"(max-width: 900px) 100vw, 900px\" \/>            <\/div><!-- .post-thumbnail -->\n    <div class=\"service-content\">\n        <div class=\"service-head\">\n            <h4 class=\"gamma service-title\"><a href=\"https:\/\/soexpress.africatrade.com\/fr\/service\/sea-freight\/\">Fret maritime<\/a><\/h4>\n            <div class=\"service-button-wrap service-button-number\">\n                <a class=\"service-button\" href=\"https:\/\/soexpress.africatrade.com\/fr\/service\/sea-freight\/\">\n                     <span class=\"service-number\">\n                       03                     <\/span>\n                    <span class=\"service-button-icon\">\n                        <i class=\"untex-icon-arrow-right\"><\/i>\n                    <\/span>\n                <\/a>\n            <\/div>\n        <\/div>\n        <div class=\"description\"><p>Fret maritime mondial avec FCL, LCL et des partenariats solides pour des exp\u00e9ditions fiables et rentables.<\/p>\n<\/div>\n    <\/div>\n<\/div>\n\n                    <\/div>\n                                        <div class=\"grid-item service-item service-style-2\">\n                        <div class=\"service-inner\">\n    <div class=\"service-post-thumbnail path-wrap-yes\">\n                    <img loading=\"lazy\" decoding=\"async\" width=\"900\" height=\"630\" src=\"https:\/\/soexpress.africatrade.com\/wp-content\/uploads\/2026\/03\/Warehousing.png\" class=\"attachment-full size-full wp-post-image\" alt=\"\" srcset=\"https:\/\/soexpress.africatrade.com\/wp-content\/uploads\/2026\/03\/Warehousing.png 900w, https:\/\/soexpress.africatrade.com\/wp-content\/uploads\/2026\/03\/Warehousing-300x210.png 300w, https:\/\/soexpress.africatrade.com\/wp-content\/uploads\/2026\/03\/Warehousing-768x538.png 768w, https:\/\/soexpress.africatrade.com\/wp-content\/uploads\/2026\/03\/Warehousing-800x560.png 800w\" sizes=\"(max-width: 900px) 100vw, 900px\" \/>            <\/div><!-- .post-thumbnail -->\n    <div class=\"service-content\">\n        <div class=\"service-head\">\n            <h4 class=\"gamma service-title\"><a href=\"https:\/\/soexpress.africatrade.com\/fr\/service\/warehousing\/\">Entreposage<\/a><\/h4>\n            <div class=\"service-button-wrap service-button-number\">\n                <a class=\"service-button\" href=\"https:\/\/soexpress.africatrade.com\/fr\/service\/warehousing\/\">\n                     <span class=\"service-number\">\n                       04                     <\/span>\n                    <span class=\"service-button-icon\">\n                        <i class=\"untex-icon-arrow-right\"><\/i>\n                    <\/span>\n                <\/a>\n            <\/div>\n        <\/div>\n        <div class=\"description\"><p>Stockage s\u00e9curis\u00e9 avec gestion des stocks, espace flexible et services \u00e0 valeur ajout\u00e9e pour votre cha\u00eene d'approvisionnement.<\/p>\n<\/div>\n    <\/div>\n<\/div>\n\n                    <\/div>\n                                        <div class=\"grid-item service-item service-style-2\">\n                        <div class=\"service-inner\">\n    <div class=\"service-post-thumbnail path-wrap-yes\">\n                    <img loading=\"lazy\" decoding=\"async\" width=\"737\" height=\"443\" src=\"https:\/\/soexpress.africatrade.com\/wp-content\/uploads\/2026\/03\/so-express-customs.png\" class=\"attachment-full size-full wp-post-image\" alt=\"\" srcset=\"https:\/\/soexpress.africatrade.com\/wp-content\/uploads\/2026\/03\/so-express-customs.png 737w, https:\/\/soexpress.africatrade.com\/wp-content\/uploads\/2026\/03\/so-express-customs-300x180.png 300w\" sizes=\"(max-width: 737px) 100vw, 737px\" \/>            <\/div><!-- .post-thumbnail -->\n    <div class=\"service-content\">\n        <div class=\"service-head\">\n            <h4 class=\"gamma service-title\"><a href=\"https:\/\/soexpress.africatrade.com\/fr\/service\/custom-brokerage\/\">Courtage sur mesure<\/a><\/h4>\n            <div class=\"service-button-wrap service-button-number\">\n                <a class=\"service-button\" href=\"https:\/\/soexpress.africatrade.com\/fr\/service\/custom-brokerage\/\">\n                     <span class=\"service-number\">\n                       05                     <\/span>\n                    <span class=\"service-button-icon\">\n                        <i class=\"untex-icon-arrow-right\"><\/i>\n                    <\/span>\n                <\/a>\n            <\/div>\n        <\/div>\n        <div class=\"description\"><p>Expert en d\u00e9douanement dans toute l'Afrique de l'Est, \u00e9liminant les retards gr\u00e2ce \u00e0 une connaissance approfondie du droit commercial.<\/p>\n<\/div>\n    <\/div>\n<\/div>\n\n                    <\/div>\n                                        <div class=\"grid-item service-item service-style-2\">\n                        <div class=\"service-inner\">\n    <div class=\"service-post-thumbnail path-wrap-yes\">\n                    <img loading=\"lazy\" decoding=\"async\" width=\"800\" height=\"822\" src=\"https:\/\/soexpress.africatrade.com\/wp-content\/uploads\/2025\/09\/placeholder.png\" class=\"attachment-full size-full wp-post-image\" alt=\"\" srcset=\"https:\/\/soexpress.africatrade.com\/wp-content\/uploads\/2025\/09\/placeholder.png 800w, https:\/\/soexpress.africatrade.com\/wp-content\/uploads\/2025\/09\/placeholder-292x300.png 292w, https:\/\/soexpress.africatrade.com\/wp-content\/uploads\/2025\/09\/placeholder-768x789.png 768w\" sizes=\"(max-width: 800px) 100vw, 800px\" \/>            <\/div><!-- .post-thumbnail -->\n    <div class=\"service-content\">\n        <div class=\"service-head\">\n            <h4 class=\"gamma service-title\"><a href=\"https:\/\/soexpress.africatrade.com\/fr\/service\/value-added-services\/\">Services \u00e0 valeur ajout\u00e9e<\/a><\/h4>\n            <div class=\"service-button-wrap service-button-number\">\n                <a class=\"service-button\" href=\"https:\/\/soexpress.africatrade.com\/fr\/service\/value-added-services\/\">\n                     <span class=\"service-number\">\n                       06                     <\/span>\n                    <span class=\"service-button-icon\">\n                        <i class=\"untex-icon-arrow-right\"><\/i>\n                    <\/span>\n                <\/a>\n            <\/div>\n        <\/div>\n        <div class=\"description\"><p>International know\u2011how, local agents, cross\u2011border expertise, multilingual team, customized reliable service define us.<\/p>\n<\/div>\n    <\/div>\n<\/div>\n\n                    <\/div>\n                                <\/div>\n\n        <\/div>\n                \t\t\t\t<\/div>\n\t\t\t\t<\/div>\n\t\t\t\t\t<\/div>\n\t\t\t\t<\/div>\n\t\t\t\t<\/div>","protected":false},"excerpt":{"rendered":"<p>Services Reliable End-to-end Logistics Services; On time, Every Time, Everywhere Road Freight 01 We focus on delivering high-quality designs, efficient project management, and cutting-edge solutions. Air Freight 02 Fast, time\u2011sensitive air cargo with priority handling, expedited clearance, and door\u2011to\u2011door delivery Sea Freight 03 Global ocean freight with FCL, LCL, and strong partnerships for reliable, cost\u2011efficient [&hellip;]<\/p>\n","protected":false},"author":1,"featured_media":0,"parent":0,"menu_order":0,"comment_status":"closed","ping_status":"closed","template":"","meta":{"inline_featured_image":false,"footnotes":""},"class_list":["post-1486","page","type-page","status-publish","hentry"],"_hostinger_reach_plugin_has_subscription_block":false,"_hostinger_reach_plugin_is_elementor":false,"_links":{"self":[{"href":"https:\/\/soexpress.africatrade.com\/fr\/wp-json\/wp\/v2\/pages\/1486","targetHints":{"allow":["GET"]}}],"collection":[{"href":"https:\/\/soexpress.africatrade.com\/fr\/wp-json\/wp\/v2\/pages"}],"about":[{"href":"https:\/\/soexpress.africatrade.com\/fr\/wp-json\/wp\/v2\/types\/page"}],"author":[{"embeddable":true,"href":"https:\/\/soexpress.africatrade.com\/fr\/wp-json\/wp\/v2\/users\/1"}],"replies":[{"embeddable":true,"href":"https:\/\/soexpress.africatrade.com\/fr\/wp-json\/wp\/v2\/comments?post=1486"}],"version-history":[{"count":77,"href":"https:\/\/soexpress.africatrade.com\/fr\/wp-json\/wp\/v2\/pages\/1486\/revisions"}],"predecessor-version":[{"id":8046,"href":"https:\/\/soexpress.africatrade.com\/fr\/wp-json\/wp\/v2\/pages\/1486\/revisions\/8046"}],"wp:attachment":[{"href":"https:\/\/soexpress.africatrade.com\/fr\/wp-json\/wp\/v2\/media?parent=1486"}],"curies":[{"name":"wp","href":"https:\/\/api.w.org\/{rel}","templated":true}]}}